{"id":484,"date":"2023-06-13T16:31:18","date_gmt":"2023-06-13T16:31:18","guid":{"rendered":"https:\/\/ndes.es\/servicios\/"},"modified":"2025-01-21T09:35:44","modified_gmt":"2025-01-21T09:35:44","slug":"services","status":"publish","type":"page","link":"https:\/\/ndes.es\/en\/services\/","title":{"rendered":"SERVICES"},"content":{"rendered":"<section class=\"wpb-content-wrapper\">[vc_row css=&#8221;.vc_custom_1688996420656{background-color: #e5e5e5 !important;}&#8221;][vc_column][vc_column_text css_animation=&#8221;fadeInLeft&#8221;]\n<h1 style=\"text-align: center;\"><span style=\"font-size: 150%;\">SERVICES<\/span><\/h1>\n[\/vc_column_text][\/vc_column][\/vc_row][vc_row css=&#8221;.vc_custom_1689588767206{padding-top: 3% !important;padding-right: 7% !important;padding-left: 7% !important;}&#8221;][vc_column css_animation=&#8221;fadeInLeft&#8221; width=&#8221;1\/2&#8243;][vc_column_text]\n<h2><span style=\"font-size: 75%;\"><strong>Created for you<\/strong><\/span><\/h2>\n<h3><span style=\"font-size: 120%;\" data-text-color=\"primary\"><strong>EXAMS FOR ENGLISH LANGUAGE SCHOOLS AND BUSINESSES<\/strong><\/span><\/h3>\n[\/vc_column_text][vc_column_text]\n<p style=\"text-align: justify;\">Nick is a specialist in ACLES and an active collaborator with Cambridge University Press and Assessment. He has been preparing and examining candidates at YLE (Young Learners), A2 Key, B1 Preliminary, B2 First, C1 Advanced, and C2 Proficiency levels for over 15 years, and has a decade of experience writing ACLES and on various General and Business English exam papers. If you, your company or your English language school needs materials and advice to prepare students for these exams, please get in touch.<\/p>\n[\/vc_column_text][\/vc_column][vc_column width=&#8221;1\/2&#8243;][vc_single_image image=&#8221;295&#8243; img_size=&#8221;full&#8221; alignment=&#8221;center&#8221; css_animation=&#8221;fadeInRight&#8221;][\/vc_column][\/vc_row][vc_row css=&#8221;.vc_custom_1689588773098{padding-top: 6% !important;padding-right: 7% !important;padding-bottom: 3% !important;padding-left: 7% !important;}&#8221; el_id=&#8221;contenidos&#8221;][vc_column css_animation=&#8221;fadeInLeft&#8221; width=&#8221;1\/2&#8243;][vc_single_image image=&#8221;298&#8243; img_size=&#8221;full&#8221; alignment=&#8221;center&#8221; css_animation=&#8221;fadeInLeft&#8221;][\/vc_column][vc_column width=&#8221;1\/2&#8243;][vc_column_text css_animation=&#8221;fadeInRight&#8221;]\n<h3><span style=\"font-size: 120%;\" data-text-color=\"primary\"><strong>ENGLISH-LANGUAGE STUDY MATERIALS<\/strong><\/span><\/h3>\n<p>Do you need specialized educational content for your company? Nick has written content for textbooks, school syllabi, and Mobile APPs for learning English.[\/vc_column_text][\/vc_column][\/vc_row][vc_row css=&#8221;.vc_custom_1688996430198{padding-top: 3% !important;padding-right: 7% !important;padding-left: 7% !important;background-color: #e5e5e5 !important;background-position: 0 0 !important;background-repeat: no-repeat !important;}&#8221;][vc_column css_animation=&#8221;fadeInLeft&#8221; width=&#8221;1\/2&#8243;][vc_column_text css_animation=&#8221;fadeInLeft&#8221;]\n<h2><span style=\"font-size: 75%;\"><strong>Service<\/strong><\/span><\/h2>\n<h3><span style=\"font-size: 120%;\" data-text-color=\"primary\"><strong>PROOFREADING AND EDITING SERVICES<\/strong><\/span><\/h3>\n<p>Articles, books, papers, presentations &#8211; every text needs to be checked for possible errors before submission. In addition, our editing services will improve the quality of your English-language texts.[\/vc_column_text][\/vc_column][vc_column width=&#8221;1\/2&#8243;][vc_single_image image=&#8221;294&#8243; img_size=&#8221;full&#8221; alignment=&#8221;center&#8221; css_animation=&#8221;fadeInRight&#8221;][\/vc_column][\/vc_row][vc_row][vc_column]\n\t\t\t<!-- START FOOTER HABLEMOSINGLES REVOLUTION SLIDER 6.2.10 --><p class=\"rs-p-wp-fix\"><\/p>\n\t\t\t<rs-module-wrap id=\"rev_slider_43_1_wrapper\" data-source=\"gallery\" style=\"background:transparent;padding:0;margin:0px auto;margin-top:0;margin-bottom:0;\">\n\t\t\t\t<rs-module id=\"rev_slider_43_1\" style=\"\" data-version=\"6.2.10\">\n\t\t\t\t\t<rs-slides>\n\t\t\t\t\t\t<rs-slide data-key=\"rs-51\" data-title=\"Slide\" data-anim=\"ei:d;eo:d;s:600;r:0;t:fade;sl:d;\">\n\t\t\t\t\t\t\t<img src=\"\/\/ndes.es\/wp-content\/plugins\/revslider\/public\/assets\/assets\/transparent.png\" title=\"SERVICES\" data-bg=\"c:#ffffff;\" data-parallax=\"off\" class=\"rev-slidebg\" data-no-retina>\n<!--\t\t\t\t\t\t--><rs-zone id=\"rrzt_51\" class=\"rev_row_zone_top\" style=\"z-index: 7;\"><!--\n\n\t\t\t\t\t\t\t\t--><rs-row\n\t\t\t\t\t\t\t\t\tid=\"slider-43-slide-51-layer-7\" \n\t\t\t\t\t\t\t\t\tdata-type=\"row\"\n\t\t\t\t\t\t\t\t\tdata-xy=\"xo:100px;yo:100px;\"\n\t\t\t\t\t\t\t\t\tdata-text=\"l:22;a:inherit;\"\n\t\t\t\t\t\t\t\t\tdata-rsp_bd=\"off\"\n\t\t\t\t\t\t\t\t\tdata-margin=\"t:150,150,60,60;b:150,150,60,60;\"\n\t\t\t\t\t\t\t\t\tdata-frame_999=\"o:0;st:w;sR:8700;sA:9000;\"\n\t\t\t\t\t\t\t\t\tstyle=\"z-index:6;\"\n\t\t\t\t\t\t\t\t><!--\n\t\t\t\t\t\t\t\t\t--><rs-column\n\t\t\t\t\t\t\t\t\t\tid=\"slider-43-slide-51-layer-8\" \n\t\t\t\t\t\t\t\t\t\tdata-type=\"column\"\n\t\t\t\t\t\t\t\t\t\tdata-xy=\"xo:100px;yo:100px;\"\n\t\t\t\t\t\t\t\t\t\tdata-text=\"l:22;a:right,right,center,center;\"\n\t\t\t\t\t\t\t\t\t\tdata-rsp_bd=\"off\"\n\t\t\t\t\t\t\t\t\t\tdata-column=\"w:50%;\"\n\t\t\t\t\t\t\t\t\t\tdata-padding=\"r:0,0,30,30;l:0,0,30,30;\"\n\t\t\t\t\t\t\t\t\t\tdata-frame_999=\"o:0;st:w;sR:8700;sA:9000;\"\n\t\t\t\t\t\t\t\t\t\tstyle=\"z-index:7;width:100%;\"\n\t\t\t\t\t\t\t\t\t><!--\n\t\t\t\t\t\t\t\t\t\t--><rs-layer\n\t\t\t\t\t\t\t\t\t\t\tid=\"slider-43-slide-51-layer-4\" \n\t\t\t\t\t\t\t\t\t\t\tclass=\"tp-shape tp-shapewrapper\"\n\t\t\t\t\t\t\t\t\t\t\tdata-type=\"shape\"\n\t\t\t\t\t\t\t\t\t\t\tdata-text=\"w:normal;a:inherit;\"\n\t\t\t\t\t\t\t\t\t\t\tdata-dim=\"w:70px,40px,40px,40px;h:5px;\"\n\t\t\t\t\t\t\t\t\t\t\tdata-rsp_bd=\"off\"\n\t\t\t\t\t\t\t\t\t\t\tdata-disp=\"inline-block\"\n\t\t\t\t\t\t\t\t\t\t\tdata-frame_0=\"y:50px;\"\n\t\t\t\t\t\t\t\t\t\t\tdata-frame_1=\"e:power4.out;sp:1000;\"\n\t\t\t\t\t\t\t\t\t\t\tdata-frame_999=\"o:0;st:w;sR:8000;\"\n\t\t\t\t\t\t\t\t\t\t\tstyle=\"z-index:9;background-color:#fbc478;display:inline-block;\"\n\t\t\t\t\t\t\t\t\t\t> \n\t\t\t\t\t\t\t\t\t\t<\/rs-layer><!--\n\n\t\t\t\t\t\t\t\t\t\t--><rs-layer\n\t\t\t\t\t\t\t\t\t\t\tid=\"slider-43-slide-51-layer-5\" \n\t\t\t\t\t\t\t\t\t\t\tdata-type=\"text\"\n\t\t\t\t\t\t\t\t\t\t\tdata-color=\"rgba(0,0,0,0.75)\"\n\t\t\t\t\t\t\t\t\t\t\tdata-text=\"w:normal;s:60,40,40,30;l:65,40,40,30;fw:500;a:inherit;\"\n\t\t\t\t\t\t\t\t\t\t\tdata-dim=\"w:100%;\"\n\t\t\t\t\t\t\t\t\t\t\tdata-rsp_bd=\"off\"\n\t\t\t\t\t\t\t\t\t\t\tdata-margin=\"t:30;\"\n\t\t\t\t\t\t\t\t\t\t\tdata-padding=\"t:10,0,0,0;r:0,0,0,30;b:10,0,0,0;l:0,0,0,30;\"\n\t\t\t\t\t\t\t\t\t\t\tdata-frame_0=\"y:50px;\"\n\t\t\t\t\t\t\t\t\t\t\tdata-frame_1=\"e:power4.out;st:50;sp:1000;sR:50;\"\n\t\t\t\t\t\t\t\t\t\t\tdata-frame_999=\"o:0;st:w;sR:7950;\"\n\t\t\t\t\t\t\t\t\t\t\tstyle=\"z-index:8;font-family:Poppins;\"\n\t\t\t\t\t\t\t\t\t\t>Any questions? \n\t\t\t\t\t\t\t\t\t\t<\/rs-layer><!--\n\n\t\t\t\t\t\t\t\t\t\t--><rs-layer\n\t\t\t\t\t\t\t\t\t\t\tid=\"slider-43-slide-51-layer-6\" \n\t\t\t\t\t\t\t\t\t\t\tdata-type=\"text\"\n\t\t\t\t\t\t\t\t\t\t\tdata-color=\"rgba(0,0,0,0.75)\"\n\t\t\t\t\t\t\t\t\t\t\tdata-xy=\"xo:0,0,0,5px;yo:0,0,0,5px;\"\n\t\t\t\t\t\t\t\t\t\t\tdata-text=\"w:normal;s:60,40,40,30;l:60,40,40,30;fw:300,100,100,100;a:inherit;\"\n\t\t\t\t\t\t\t\t\t\t\tdata-dim=\"w:100%;\"\n\t\t\t\t\t\t\t\t\t\t\tdata-rsp_bd=\"off\"\n\t\t\t\t\t\t\t\t\t\t\tdata-margin=\"t:12,12,12,6;\"\n\t\t\t\t\t\t\t\t\t\t\tdata-padding=\"r:0,0,0,30;l:0,0,0,30;\"\n\t\t\t\t\t\t\t\t\t\t\tdata-frame_0=\"y:50px;\"\n\t\t\t\t\t\t\t\t\t\t\tdata-frame_1=\"e:power4.out;st:100;sp:1000;sR:100;\"\n\t\t\t\t\t\t\t\t\t\t\tdata-frame_999=\"o:0;st:w;sR:7900;\"\n\t\t\t\t\t\t\t\t\t\t\tstyle=\"z-index:7;font-family:Poppins;\"\n\t\t\t\t\t\t\t\t\t\t>Let\u2019s talk \n\t\t\t\t\t\t\t\t\t\t<\/rs-layer><!--\n\n\t\t\t\t\t\t\t\t\t\t--><rs-layer\n\t\t\t\t\t\t\t\t\t\t\tid=\"slider-43-slide-51-layer-31\" \n\t\t\t\t\t\t\t\t\t\t\tdata-type=\"image\"\n\t\t\t\t\t\t\t\t\t\t\tdata-rsp_ch=\"on\"\n\t\t\t\t\t\t\t\t\t\t\tdata-text=\"w:nowrap,normal,normal,normal;l:22;a:inherit;\"\n\t\t\t\t\t\t\t\t\t\t\tdata-dim=\"w:600px,600px,400px,400px;h:600px,600px,400,400;\"\n\t\t\t\t\t\t\t\t\t\t\tdata-disp=\"inline-block\"\n\t\t\t\t\t\t\t\t\t\t\tdata-frame_0=\"y:50px;rX:-15deg;\"\n\t\t\t\t\t\t\t\t\t\t\tdata-frame_1=\"e:power4.out;sp:2000;\"\n\t\t\t\t\t\t\t\t\t\t\tdata-frame_999=\"o:0;st:w;sR:7000;\"\n\t\t\t\t\t\t\t\t\t\t\tstyle=\"z-index:6;display:inline-block;\"\n\t\t\t\t\t\t\t\t\t\t><img src=\"\/\/ndes.es\/wp-content\/uploads\/revslider\/themeplicity_contactform\/object_headphones_1.png\" width=\"1600\" height=\"1600\" data-no-retina> \n\t\t\t\t\t\t\t\t\t\t<\/rs-layer><!--\n\t\t\t\t\t\t\t\t\t--><\/rs-column><!--\n\n\t\t\t\t\t\t\t\t\t--><rs-column\n\t\t\t\t\t\t\t\t\t\tid=\"slider-43-slide-51-layer-9\" \n\t\t\t\t\t\t\t\t\t\tdata-type=\"column\"\n\t\t\t\t\t\t\t\t\t\tdata-xy=\"xo:100px;yo:100px;\"\n\t\t\t\t\t\t\t\t\t\tdata-text=\"l:22;a:left,left,center,center;\"\n\t\t\t\t\t\t\t\t\t\tdata-rsp_bd=\"off\"\n\t\t\t\t\t\t\t\t\t\tdata-column=\"w:50%;\"\n\t\t\t\t\t\t\t\t\t\tdata-margin=\"t:250,150,0,0;b:100,100,0,0;\"\n\t\t\t\t\t\t\t\t\t\tdata-padding=\"r:0,0,30,30;b:0,0,50,50;l:0,0,30,30;\"\n\t\t\t\t\t\t\t\t\t\tdata-frame_999=\"o:0;st:w;sR:8700;sA:9000;\"\n\t\t\t\t\t\t\t\t\t\tstyle=\"z-index:6;width:100%;\"\n\t\t\t\t\t\t\t\t\t><!--\n\t\t\t\t\t\t\t\t\t\t--><rs-layer\n\t\t\t\t\t\t\t\t\t\t\tid=\"slider-43-slide-51-layer-32\" \n\t\t\t\t\t\t\t\t\t\t\tdata-type=\"text\"\n\t\t\t\t\t\t\t\t\t\t\tdata-color=\"rgba(0,0,0,0.50)\"\n\t\t\t\t\t\t\t\t\t\t\tdata-text=\"w:normal;s:17;l:26;a:inherit;\"\n\t\t\t\t\t\t\t\t\t\t\tdata-dim=\"w:400px,400px,400px,auto;\"\n\t\t\t\t\t\t\t\t\t\t\tdata-rsp_o=\"off\"\n\t\t\t\t\t\t\t\t\t\t\tdata-rsp_bd=\"off\"\n\t\t\t\t\t\t\t\t\t\t\tdata-disp=\"inline-block\"\n\t\t\t\t\t\t\t\t\t\t\tdata-margin=\"t:0,50,50,30;b:50,50,50,30;\"\n\t\t\t\t\t\t\t\t\t\t\tdata-frame_0=\"y:50px;\"\n\t\t\t\t\t\t\t\t\t\t\tdata-frame_1=\"e:power4.out;st:150;sp:1000;sR:150;\"\n\t\t\t\t\t\t\t\t\t\t\tdata-frame_999=\"o:0;st:w;sR:7850;\"\n\t\t\t\t\t\t\t\t\t\t\tstyle=\"z-index:9;font-family:Poppins;display:inline-block;\"\n\t\t\t\t\t\t\t\t\t\t>Whether you\u2019re interested in online classes or looking for the development of original and quality material for pedagogical content or exams, get in touch and we can help. \n\t\t\t\t\t\t\t\t\t\t<\/rs-layer><!--\n\n\t\t\t\t\t\t\t\t\t\t--><rs-layer\n\t\t\t\t\t\t\t\t\t\t\tid=\"slider-43-slide-51-layer-33\" \n\t\t\t\t\t\t\t\t\t\t\tdata-type=\"text\"\n\t\t\t\t\t\t\t\t\t\t\tdata-color=\"rgba(0,0,0,0.75)\"\n\t\t\t\t\t\t\t\t\t\t\tdata-text=\"w:normal;s:20,20,20,17;l:20,20,20,17;fw:500;a:inherit;\"\n\t\t\t\t\t\t\t\t\t\t\tdata-rsp_o=\"off\"\n\t\t\t\t\t\t\t\t\t\t\tdata-rsp_bd=\"off\"\n\t\t\t\t\t\t\t\t\t\t\tdata-margin=\"b:20,20,20,10;\"\n\t\t\t\t\t\t\t\t\t\t\tdata-frame_0=\"y:50px;\"\n\t\t\t\t\t\t\t\t\t\t\tdata-frame_1=\"e:power4.out;st:200;sp:1000;sR:200;\"\n\t\t\t\t\t\t\t\t\t\t\tdata-frame_999=\"o:0;st:w;sR:7800;\"\n\t\t\t\t\t\t\t\t\t\t\tstyle=\"z-index:8;font-family:Roboto;\"\n\t\t\t\t\t\t\t\t\t\t><i class=\"fa-flag\" style=\"color:#fbc478;margin-right:5px;\"><\/i> English Native  \n\t\t\t\t\t\t\t\t\t\t<\/rs-layer><!--\n\n\t\t\t\t\t\t\t\t\t\t--><rs-layer\n\t\t\t\t\t\t\t\t\t\t\tid=\"slider-43-slide-51-layer-34\" \n\t\t\t\t\t\t\t\t\t\t\tclass=\"tp-link\"\n\t\t\t\t\t\t\t\t\t\t\tdata-type=\"text\"\n\t\t\t\t\t\t\t\t\t\t\tdata-color=\"rgba(0,0,0,0.75)\"\n\t\t\t\t\t\t\t\t\t\t\tdata-xy=\"xo:5px,5px,0,0;yo:5px,5px,0,0;\"\n\t\t\t\t\t\t\t\t\t\t\tdata-text=\"w:normal;s:20,20,20,17;l:20,20,20,17;fw:500;a:inherit;\"\n\t\t\t\t\t\t\t\t\t\t\tdata-rsp_o=\"off\"\n\t\t\t\t\t\t\t\t\t\t\tdata-rsp_bd=\"off\"\n\t\t\t\t\t\t\t\t\t\t\tdata-margin=\"b:20,20,20,10;\"\n\t\t\t\t\t\t\t\t\t\t\tdata-frame_0=\"y:50px;\"\n\t\t\t\t\t\t\t\t\t\t\tdata-frame_1=\"e:power4.out;st:220;sp:1000;sR:220;\"\n\t\t\t\t\t\t\t\t\t\t\tdata-frame_999=\"o:0;st:w;sR:7780;\"\n\t\t\t\t\t\t\t\t\t\t\tstyle=\"z-index:7;font-family:Roboto;\"\n\t\t\t\t\t\t\t\t\t\t><i class=\"fa-tty\" style=\"color:#fbc478;margin-right:5px;\"><\/i> <a href=\"#\">+34 654 554 215<\/a> \n\t\t\t\t\t\t\t\t\t\t<\/rs-layer><!--\n\n\t\t\t\t\t\t\t\t\t\t--><rs-layer\n\t\t\t\t\t\t\t\t\t\t\tid=\"slider-43-slide-51-layer-35\" \n\t\t\t\t\t\t\t\t\t\t\tclass=\"tp-link\"\n\t\t\t\t\t\t\t\t\t\t\tdata-type=\"text\"\n\t\t\t\t\t\t\t\t\t\t\tdata-color=\"rgba(0,0,0,0.75)\"\n\t\t\t\t\t\t\t\t\t\t\tdata-xy=\"xo:10px,10px,0,0;yo:10px,10px,0,0;\"\n\t\t\t\t\t\t\t\t\t\t\tdata-text=\"w:normal;s:20,20,20,17;l:20,20,20,17;fw:500;a:inherit;\"\n\t\t\t\t\t\t\t\t\t\t\tdata-rsp_o=\"off\"\n\t\t\t\t\t\t\t\t\t\t\tdata-rsp_bd=\"off\"\n\t\t\t\t\t\t\t\t\t\t\tdata-margin=\"b:20,20,20,10;\"\n\t\t\t\t\t\t\t\t\t\t\tdata-frame_0=\"y:50px;\"\n\t\t\t\t\t\t\t\t\t\t\tdata-frame_1=\"e:power4.out;st:240;sp:1000;sR:240;\"\n\t\t\t\t\t\t\t\t\t\t\tdata-frame_999=\"o:0;st:w;sR:7760;\"\n\t\t\t\t\t\t\t\t\t\t\tstyle=\"z-index:6;font-family:Roboto;\"\n\t\t\t\t\t\t\t\t\t\t><i class=\"fa-envelope-o\" style=\"color:#fbc478;margin-right:5px;\"><\/i> <a href=\"mailto:info@ndes.es\">info@ndes.es<\/a> \n\t\t\t\t\t\t\t\t\t\t<\/rs-layer><!--\n\t\t\t\t\t\t\t\t\t--><\/rs-column><!--\n\t\t\t\t\t\t\t\t--><\/rs-row><!--\n\t\t\t\t\t\t\t--><\/rs-zone><!--\n\n\t\t\t\t\t\t\t--><rs-layer\n\t\t\t\t\t\t\t\tid=\"slider-43-slide-51-layer-30\" \n\t\t\t\t\t\t\t\tclass=\"rs-pxl-4\"\n\t\t\t\t\t\t\t\tdata-type=\"image\"\n\t\t\t\t\t\t\t\tdata-rsp_ch=\"on\"\n\t\t\t\t\t\t\t\tdata-xy=\"xo:-747px,-807px,-680px,-826px;yo:265px,177px,36px,-54px;\"\n\t\t\t\t\t\t\t\tdata-text=\"w:nowrap,nowrap,normal,normal;l:22;a:inherit;\"\n\t\t\t\t\t\t\t\tdata-dim=\"w:['1071px','1071px','1071px','1071px'];h:['700px','700px','700px','700px'];\"\n\t\t\t\t\t\t\t\tdata-basealign=\"slide\"\n\t\t\t\t\t\t\t\tdata-frame_0=\"x:left;o:1;\"\n\t\t\t\t\t\t\t\tdata-frame_1=\"e:power4.out;sp:1000;\"\n\t\t\t\t\t\t\t\tdata-frame_999=\"o:0;st:w;sR:8000;\"\n\t\t\t\t\t\t\t\tstyle=\"z-index:4;\"\n\t\t\t\t\t\t\t><img src=\"\/\/ndes.es\/wp-content\/uploads\/2023\/06\/EXAGONO.png\" width=\"2142\" height=\"1400\" data-no-retina> \n\t\t\t\t\t\t\t<\/rs-layer><!--\n-->\t\t\t\t\t\t<\/rs-slide>\n\t\t\t\t\t<\/rs-slides>\n\t\t\t\t<\/rs-module>\n\t\t\t\t<script type=\"text\/javascript\">\n\t\t\t\t\tsetREVStartSize({c: 'rev_slider_43_1',rl:[1240,1024,778,480],el:[1109,768,960,720],gw:[1240,1024,778,480],gh:[1067,768,960,720],type:'hero',justify:'',layout:'fullwidth',mh:\"0\"});\n\t\t\t\t\tvar\trevapi43,\n\t\t\t\t\t\ttpj;\n\t\t\t\t\tjQuery(function() {\n\t\t\t\t\t\ttpj = jQuery;\n\t\t\t\t\t\trevapi43 = tpj(\"#rev_slider_43_1\")\n\t\t\t\t\t\tif(revapi43==undefined || revapi43.revolution == undefined){\n\t\t\t\t\t\t\trevslider_showDoubleJqueryError(\"rev_slider_43_1\");\n\t\t\t\t\t\t}else{\n\t\t\t\t\t\t\trevapi43.revolution({\n\t\t\t\t\t\t\t\tsliderType:\"hero\",\n\t\t\t\t\t\t\t\tsliderLayout:\"fullwidth\",\n\t\t\t\t\t\t\t\tvisibilityLevels:\"1240,1024,778,480\",\n\t\t\t\t\t\t\t\tgridwidth:\"1240,1024,778,480\",\n\t\t\t\t\t\t\t\tgridheight:\"1067,768,960,720\",\n\t\t\t\t\t\t\t\tperspective:600,\n\t\t\t\t\t\t\t\tperspectiveType:\"local\",\n\t\t\t\t\t\t\t\teditorheight:\"1109,768,960,720\",\n\t\t\t\t\t\t\t\tresponsiveLevels:\"1240,1024,778,480\",\n\t\t\t\t\t\t\t\tprogressBar:{disableProgressBar:true},\n\t\t\t\t\t\t\t\tnavigation: {\n\t\t\t\t\t\t\t\t\tonHoverStop:false\n\t\t\t\t\t\t\t\t},\n\t\t\t\t\t\t\t\tparallax: {\n\t\t\t\t\t\t\t\t\tlevels:[5,10,15,20,25,30,35,40,45,46,47,48,49,50,51,55],\n\t\t\t\t\t\t\t\t\ttype:\"scroll\",\n\t\t\t\t\t\t\t\t\torigo:\"slidercenter\"\n\t\t\t\t\t\t\t\t},\n\t\t\t\t\t\t\t\tviewPort: {\n\t\t\t\t\t\t\t\t\tenable:true,\n\t\t\t\t\t\t\t\t\tvisible_area:\"40%\",\n\t\t\t\t\t\t\t\t\tpresize:true\n\t\t\t\t\t\t\t\t},\n\t\t\t\t\t\t\t\tfallbacks: {\n\t\t\t\t\t\t\t\t\tallowHTML5AutoPlayOnAndroid:true\n\t\t\t\t\t\t\t\t},\n\t\t\t\t\t\t\t});\n\t\t\t\t\t\t}\n\t\t\t\t\t\t\n\t\t\t\t\t});\n\t\t\t\t<\/script>\n\t\t\t\t<script>\n\t\t\t\t\tvar htmlDivCss = unescape(\".tp-link%20a%2C%0A.tp-link%20a%3Avisited%20%7B%20color%3A%20rgba%280%2C%200%2C%200%2C%200.5%29%20%21important%3B%20%7D%0A.tp-link%20a%3Ahover%20%7B%20color%3A%20rgba%280%2C%200%2C%200%2C%200.75%29%20%21important%3B%20%7D\");\n\t\t\t\t\tvar htmlDiv = document.getElementById('rs-plugin-settings-inline-css');\n\t\t\t\t\tif(htmlDiv) {\n\t\t\t\t\t\thtmlDiv.innerHTML = htmlDiv.innerHTML + htmlDivCss;\n\t\t\t\t\t}else{\n\t\t\t\t\t\tvar htmlDiv = document.createElement('div');\n\t\t\t\t\t\thtmlDiv.innerHTML = '<style>' + htmlDivCss + '<\/style>';\n\t\t\t\t\t\tdocument.getElementsByTagName('head')[0].appendChild(htmlDiv.childNodes[0]);\n\t\t\t\t\t}\n\t\t\t\t<\/script>\n\t\t\t<\/rs-module-wrap>\n\t\t\t<!-- END REVOLUTION SLIDER -->\n[\/vc_column][\/vc_row]\n<\/section>","protected":false},"excerpt":{"rendered":"[vc_row css=&#8221;.vc_custom_1688996420656{background-color: #e5e5e5 !important;}&#8221;][vc_column][vc_column_text css_animation=&#8221;fadeInLeft&#8221;] SERVICES [\/vc_column_text][\/vc_column][\/vc_row][vc_row css=&#8221;.vc_custom_1689588767206{padding-top: 3% !important;padding-right: 7% !important;padding-left: 7% !important;}&#8221;][vc_column css_animation=&#8221;fadeInLeft&#8221; width=&#8221;1\/2&#8243;][vc_column_text] Created for you EXAMS FOR ENGLISH LANGUAGE SCHOOLS AND BUSINESSES [\/vc_column_text][vc_column_text] Nick is a specialist in ACLES and an active collaborator with Cambridge University Press and Assessment. He has been preparing and examining candidates at YLE (Young Learners), A2 [&#8230;]\n","protected":false},"author":1,"featured_media":0,"parent":0,"menu_order":0,"comment_status":"closed","ping_status":"open","template":"page-blank.php","meta":[],"yoast_head":"<!-- This site is optimized with the Yoast SEO plugin v20.9 - https:\/\/yoast.com\/wordpress\/plugins\/seo\/ -->\n<title>SERVICES - Nick Dann English Services<\/title>\n<meta name=\"robots\" content=\"index, follow, max-snippet:-1, max-image-preview:large, max-video-preview:-1\" \/>\n<link rel=\"canonical\" href=\"https:\/\/ndes.es\/en\/services\/\" \/>\n<meta property=\"og:locale\" content=\"en_US\" \/>\n<meta property=\"og:type\" content=\"article\" \/>\n<meta property=\"og:title\" content=\"SERVICES - Nick Dann English Services\" \/>\n<meta property=\"og:description\" content=\"[vc_row css=&#8221;.vc_custom_1688996420656{background-color: #e5e5e5 !important;}&#8221;][vc_column][vc_column_text css_animation=&#8221;fadeInLeft&#8221;] SERVICES [\/vc_column_text][\/vc_column][\/vc_row][vc_row css=&#8221;.vc_custom_1689588767206{padding-top: 3% !important;padding-right: 7% !important;padding-left: 7% !important;}&#8221;][vc_column css_animation=&#8221;fadeInLeft&#8221; width=&#8221;1\/2&#8243;][vc_column_text] Created for you EXAMS FOR ENGLISH LANGUAGE SCHOOLS AND BUSINESSES [\/vc_column_text][vc_column_text] Nick is a specialist in ACLES and an active collaborator with Cambridge University Press and Assessment. He has been preparing and examining candidates at YLE (Young Learners), A2 [...]\" \/>\n<meta property=\"og:url\" content=\"https:\/\/ndes.es\/en\/services\/\" \/>\n<meta property=\"og:site_name\" content=\"Nick Dann English Services\" \/>\n<meta property=\"article:modified_time\" content=\"2025-01-21T09:35:44+00:00\" \/>\n<meta property=\"og:image\" content=\"https:\/\/ndes.es\/wp-content\/uploads\/2023\/07\/clases-especializadas-ingles.jpeg\" \/>\n\t<meta property=\"og:image:width\" content=\"1000\" \/>\n\t<meta property=\"og:image:height\" content=\"667\" \/>\n\t<meta property=\"og:image:type\" content=\"image\/jpeg\" \/>\n<meta name=\"twitter:card\" content=\"summary_large_image\" \/>\n<meta name=\"twitter:label1\" content=\"Est. reading time\" \/>\n\t<meta name=\"twitter:data1\" content=\"2 minutes\" \/>\n<script type=\"application\/ld+json\" class=\"yoast-schema-graph\">{\"@context\":\"https:\/\/schema.org\",\"@graph\":[{\"@type\":\"WebPage\",\"@id\":\"https:\/\/ndes.es\/en\/services\/\",\"url\":\"https:\/\/ndes.es\/en\/services\/\",\"name\":\"SERVICES - Nick Dann English Services\",\"isPartOf\":{\"@id\":\"https:\/\/ndes.es\/#website\"},\"datePublished\":\"2023-06-13T16:31:18+00:00\",\"dateModified\":\"2025-01-21T09:35:44+00:00\",\"breadcrumb\":{\"@id\":\"https:\/\/ndes.es\/en\/services\/#breadcrumb\"},\"inLanguage\":\"en-US\",\"potentialAction\":[{\"@type\":\"ReadAction\",\"target\":[\"https:\/\/ndes.es\/en\/services\/\"]}]},{\"@type\":\"BreadcrumbList\",\"@id\":\"https:\/\/ndes.es\/en\/services\/#breadcrumb\",\"itemListElement\":[{\"@type\":\"ListItem\",\"position\":1,\"name\":\"Portada\",\"item\":\"https:\/\/ndes.es\/en\/\"},{\"@type\":\"ListItem\",\"position\":2,\"name\":\"SERVICES\"}]},{\"@type\":\"WebSite\",\"@id\":\"https:\/\/ndes.es\/#website\",\"url\":\"https:\/\/ndes.es\/\",\"name\":\"Nick Dann English Services\",\"description\":\"Clases de ingl\u00e9s, creaci\u00f3n de contenidos y correcci\u00f3n\",\"publisher\":{\"@id\":\"https:\/\/ndes.es\/#organization\"},\"alternateName\":\"NDES\",\"potentialAction\":[{\"@type\":\"SearchAction\",\"target\":{\"@type\":\"EntryPoint\",\"urlTemplate\":\"https:\/\/ndes.es\/?s={search_term_string}\"},\"query-input\":\"required name=search_term_string\"}],\"inLanguage\":\"en-US\"},{\"@type\":\"Organization\",\"@id\":\"https:\/\/ndes.es\/#organization\",\"name\":\"NDES\",\"alternateName\":\"NDES Nick Dann English Services\",\"url\":\"https:\/\/ndes.es\/\",\"logo\":{\"@type\":\"ImageObject\",\"inLanguage\":\"en-US\",\"@id\":\"https:\/\/ndes.es\/#\/schema\/logo\/image\/\",\"url\":\"https:\/\/ndes.es\/wp-content\/uploads\/2023\/07\/logoNickColorRRSS.jpeg\",\"contentUrl\":\"https:\/\/ndes.es\/wp-content\/uploads\/2023\/07\/logoNickColorRRSS.jpeg\",\"width\":278,\"height\":268,\"caption\":\"NDES\"},\"image\":{\"@id\":\"https:\/\/ndes.es\/#\/schema\/logo\/image\/\"}}]}<\/script>\n<!-- \/ Yoast SEO plugin. -->","yoast_head_json":{"title":"SERVICES - Nick Dann English Services","robots":{"index":"index","follow":"follow","max-snippet":"max-snippet:-1","max-image-preview":"max-image-preview:large","max-video-preview":"max-video-preview:-1"},"canonical":"https:\/\/ndes.es\/en\/services\/","og_locale":"en_US","og_type":"article","og_title":"SERVICES - Nick Dann English Services","og_description":"[vc_row css=&#8221;.vc_custom_1688996420656{background-color: #e5e5e5 !important;}&#8221;][vc_column][vc_column_text css_animation=&#8221;fadeInLeft&#8221;] SERVICES [\/vc_column_text][\/vc_column][\/vc_row][vc_row css=&#8221;.vc_custom_1689588767206{padding-top: 3% !important;padding-right: 7% !important;padding-left: 7% !important;}&#8221;][vc_column css_animation=&#8221;fadeInLeft&#8221; width=&#8221;1\/2&#8243;][vc_column_text] Created for you EXAMS FOR ENGLISH LANGUAGE SCHOOLS AND BUSINESSES [\/vc_column_text][vc_column_text] Nick is a specialist in ACLES and an active collaborator with Cambridge University Press and Assessment. He has been preparing and examining candidates at YLE (Young Learners), A2 [...]","og_url":"https:\/\/ndes.es\/en\/services\/","og_site_name":"Nick Dann English Services","article_modified_time":"2025-01-21T09:35:44+00:00","og_image":[{"width":1000,"height":667,"url":"https:\/\/ndes.es\/wp-content\/uploads\/2023\/07\/clases-especializadas-ingles.jpeg","type":"image\/jpeg"}],"twitter_card":"summary_large_image","twitter_misc":{"Est. reading time":"2 minutes"},"schema":{"@context":"https:\/\/schema.org","@graph":[{"@type":"WebPage","@id":"https:\/\/ndes.es\/en\/services\/","url":"https:\/\/ndes.es\/en\/services\/","name":"SERVICES - Nick Dann English Services","isPartOf":{"@id":"https:\/\/ndes.es\/#website"},"datePublished":"2023-06-13T16:31:18+00:00","dateModified":"2025-01-21T09:35:44+00:00","breadcrumb":{"@id":"https:\/\/ndes.es\/en\/services\/#breadcrumb"},"inLanguage":"en-US","potentialAction":[{"@type":"ReadAction","target":["https:\/\/ndes.es\/en\/services\/"]}]},{"@type":"BreadcrumbList","@id":"https:\/\/ndes.es\/en\/services\/#breadcrumb","itemListElement":[{"@type":"ListItem","position":1,"name":"Portada","item":"https:\/\/ndes.es\/en\/"},{"@type":"ListItem","position":2,"name":"SERVICES"}]},{"@type":"WebSite","@id":"https:\/\/ndes.es\/#website","url":"https:\/\/ndes.es\/","name":"Nick Dann English Services","description":"Clases de ingl\u00e9s, creaci\u00f3n de contenidos y correcci\u00f3n","publisher":{"@id":"https:\/\/ndes.es\/#organization"},"alternateName":"NDES","potentialAction":[{"@type":"SearchAction","target":{"@type":"EntryPoint","urlTemplate":"https:\/\/ndes.es\/?s={search_term_string}"},"query-input":"required name=search_term_string"}],"inLanguage":"en-US"},{"@type":"Organization","@id":"https:\/\/ndes.es\/#organization","name":"NDES","alternateName":"NDES Nick Dann English Services","url":"https:\/\/ndes.es\/","logo":{"@type":"ImageObject","inLanguage":"en-US","@id":"https:\/\/ndes.es\/#\/schema\/logo\/image\/","url":"https:\/\/ndes.es\/wp-content\/uploads\/2023\/07\/logoNickColorRRSS.jpeg","contentUrl":"https:\/\/ndes.es\/wp-content\/uploads\/2023\/07\/logoNickColorRRSS.jpeg","width":278,"height":268,"caption":"NDES"},"image":{"@id":"https:\/\/ndes.es\/#\/schema\/logo\/image\/"}}]}},"_links":{"self":[{"href":"https:\/\/ndes.es\/en\/wp-json\/wp\/v2\/pages\/484"}],"collection":[{"href":"https:\/\/ndes.es\/en\/wp-json\/wp\/v2\/pages"}],"about":[{"href":"https:\/\/ndes.es\/en\/wp-json\/wp\/v2\/types\/page"}],"author":[{"embeddable":true,"href":"https:\/\/ndes.es\/en\/wp-json\/wp\/v2\/users\/1"}],"replies":[{"embeddable":true,"href":"https:\/\/ndes.es\/en\/wp-json\/wp\/v2\/comments?post=484"}],"version-history":[{"count":10,"href":"https:\/\/ndes.es\/en\/wp-json\/wp\/v2\/pages\/484\/revisions"}],"predecessor-version":[{"id":725,"href":"https:\/\/ndes.es\/en\/wp-json\/wp\/v2\/pages\/484\/revisions\/725"}],"wp:attachment":[{"href":"https:\/\/ndes.es\/en\/wp-json\/wp\/v2\/media?parent=484"}],"curies":[{"name":"wp","href":"https:\/\/api.w.org\/{rel}","templated":true}]}}